{"id":1359,"date":"2023-03-31T14:51:17","date_gmt":"2023-03-31T12:51:17","guid":{"rendered":"https:\/\/www.gaya-world.com\/perguntas-mais-frequentes\/"},"modified":"2023-04-21T16:09:26","modified_gmt":"2023-04-21T14:09:26","slug":"perguntas-mais-frequentes","status":"publish","type":"page","link":"https:\/\/www.gaya-world.com\/pt-br\/perguntas-mais-frequentes\/","title":{"rendered":"Perguntas Mais Frequentes"},"content":{"rendered":"<p>[et_pb_section fb_built=&#8221;1&#8243; custom_padding_last_edited=&#8221;off|desktop&#8221; _builder_version=&#8221;4.20.0&#8243; _module_preset=&#8221;default&#8221; background_enable_color=&#8221;off&#8221; background_enable_image=&#8221;off&#8221; background_size=&#8221;initial&#8221; background_repeat=&#8221;repeat&#8221; background_pattern_repeat=&#8221;round&#8221; height_tablet=&#8221;80vh&#8221; height_phone=&#8221;100vh&#8221; height_last_edited=&#8221;off|desktop&#8221; custom_padding=&#8221;200px||90px||false|false&#8221; custom_padding_tablet=&#8221;|0px||0px|false|true&#8221; custom_padding_phone=&#8221;0px|0px|1px|0px|false|true&#8221; custom_css_main_element=&#8221;overflow:hidden;&#8221; global_colors_info=&#8221;{}&#8221;][et_pb_row module_class=&#8221;moving-bg&#8221; _builder_version=&#8221;4.20.0&#8243; _module_preset=&#8221;default&#8221; custom_css_main_element=&#8221;z-index:0;&#8221; global_module=&#8221;460&#8243; global_colors_info=&#8221;{}&#8221;][et_pb_column type=&#8221;4_4&#8243; _builder_version=&#8221;4.19.4&#8243; _module_preset=&#8221;default&#8221; global_colors_info=&#8221;{}&#8221;][\/et_pb_column][\/et_pb_row][et_pb_row _builder_version=&#8221;4.20.0&#8243; _module_preset=&#8221;default&#8221; custom_margin=&#8221;0px||0px||true|false&#8221; custom_padding=&#8221;0px||5px||false|true&#8221; global_colors_info=&#8221;{}&#8221;][et_pb_column type=&#8221;4_4&#8243; _builder_version=&#8221;4.19.4&#8243; _module_preset=&#8221;default&#8221; custom_padding=&#8221;||||true|true&#8221; global_colors_info=&#8221;{}&#8221;][et_pb_image src=&#8221;https:\/\/www.gaya-world.com\/wp-content\/uploads\/2023\/03\/check-point.png&#8221; title_text=&#8221;ponto de controlo&#8221; show_bottom_space=&#8221;off&#8221; align=&#8221;center&#8221; _builder_version=&#8221;4.20.2&#8243; _module_preset=&#8221;default&#8221; max_width=&#8221;150px&#8221; max_width_tablet=&#8221;30vw&#8221; max_width_last_edited=&#8221;off|tablet&#8221; module_alignment=&#8221;center&#8221; custom_margin=&#8221;||||false|false&#8221; custom_padding=&#8221;||||false|false&#8221; global_colors_info=&#8221;{}&#8221;][\/et_pb_image][et_pb_text _builder_version=&#8221;4.20.2&#8243; _module_preset=&#8221;default&#8221; header_font=&#8221;|||on|||||&#8221; header_text_align=&#8221;center&#8221; header_text_color=&#8221;gcid-25af4689-3779-46d6-9c85-e8ab94b57b29&#8243; header_font_size=&#8221;53px&#8221; custom_margin=&#8221;||10px||false|false&#8221; custom_padding=&#8221;||0px||false|false&#8221; header_font_size_tablet=&#8221;53px&#8221; header_font_size_phone=&#8221;33px&#8221; header_font_size_last_edited=&#8221;on|phone&#8221; global_colors_info=&#8221;{%22gcid-25af4689-3779-46d6-9c85-e8ab94b57b29%22:%91%22header_text_color%22%93}&#8221;]<\/p>\n<h1>Perguntas mais frequentes<\/h1>\n<p>[\/et_pb_text][et_pb_text _builder_version=&#8221;4.20.2&#8243; _module_preset=&#8221;default&#8221; text_font=&#8221;Ooredoo||||||||&#8221; header_text_align=&#8221;center&#8221; header_font_size=&#8221;26px&#8221; custom_margin=&#8221;||0px||false|false&#8221; custom_padding=&#8221;||0px||false|false&#8221; header_2_font_size_tablet=&#8221;&#8221; header_2_font_size_phone=&#8221;20px&#8221; header_2_font_size_last_edited=&#8221;on|phone&#8221; global_colors_info=&#8221;{}&#8221;]<\/p>\n<h2 style=\"text-align: center;\">As \u00fanicas perguntas bobas s\u00e3o as que n\u00e3o s\u00e3o feitas<\/h2>\n<p>[\/et_pb_text][\/et_pb_column][\/et_pb_row][\/et_pb_section][et_pb_section fb_built=&#8221;1&#8243; _builder_version=&#8221;4.20.4&#8243; _module_preset=&#8221;default&#8221; background_color=&#8221;gcid-c0245761-7eed-47ef-a0e6-7071377fc60d&#8221; background_image=&#8221;https:\/\/www.gaya-world.com\/wp-content\/uploads\/2023\/03\/wmap-min-min.png&#8221; parallax=&#8221;on&#8221; background_blend=&#8221;soft-light&#8221; custom_margin=&#8221;||||true&#8221; custom_padding=&#8221;0px||0px||true|false&#8221; hover_enabled=&#8221;0&#8243; global_colors_info=&#8221;{%22gcid-c0245761-7eed-47ef-a0e6-7071377fc60d%22:%91%22background_color%22%93}&#8221; height_last_edited=&#8221;on|phone&#8221; sticky_enabled=&#8221;0&#8243; height_tablet=&#8221;200px&#8221; height_phone=&#8221;200px&#8221; custom_margin_last_edited=&#8221;on|desktop&#8221; custom_margin_phone=&#8221;||||false|false&#8221; max_height=&#8221;15vh&#8221; custom_margin_tablet=&#8221;||||true&#8221;][et_pb_row _builder_version=&#8221;4.20.2&#8243; _module_preset=&#8221;default&#8221; width=&#8221;95%&#8221; max_width=&#8221;2900px&#8221; height=&#8221;202px&#8221; height_tablet=&#8221;10vh&#8221; height_phone=&#8221;10vh&#8221; height_last_edited=&#8221;on|tablet&#8221; custom_margin=&#8221;||||false|false&#8221; custom_margin_tablet=&#8221;||||false|false&#8221; custom_margin_phone=&#8221;||||false|false&#8221; custom_margin_last_edited=&#8221;on|tablet&#8221; custom_padding=&#8221;0px||0px||true|false&#8221; global_colors_info=&#8221;{}&#8221;][et_pb_column type=&#8221;4_4&#8243; _builder_version=&#8221;4.20.0&#8243; _module_preset=&#8221;default&#8221; global_colors_info=&#8221;{}&#8221;][\/et_pb_column][\/et_pb_row][\/et_pb_section][et_pb_section fb_built=&#8221;1&#8243; _builder_version=&#8221;4.20.4&#8243; _module_preset=&#8221;default&#8221; hover_enabled=&#8221;0&#8243; custom_css_main_element=&#8221;overflow:hidden;&#8221; global_colors_info=&#8221;{}&#8221; custom_padding_last_edited=&#8221;on|phone&#8221; sticky_enabled=&#8221;0&#8243; custom_padding_phone=&#8221;20px||||false|false&#8221;][et_pb_row module_class=&#8221;moving-bg&#8221; _builder_version=&#8221;4.20.0&#8243; _module_preset=&#8221;default&#8221; custom_css_main_element=&#8221;z-index:0;&#8221; global_module=&#8221;460&#8243; global_colors_info=&#8221;{}&#8221;][et_pb_column type=&#8221;4_4&#8243; _builder_version=&#8221;4.19.4&#8243; _module_preset=&#8221;default&#8221; global_colors_info=&#8221;{}&#8221;][\/et_pb_column][\/et_pb_row][et_pb_row column_structure=&#8221;1_4,1_4,1_4,1_4&#8243; _builder_version=&#8221;4.20.2&#8243; _module_preset=&#8221;default&#8221; width=&#8221;96%&#8221; max_width=&#8221;2000px&#8221; global_colors_info=&#8221;{}&#8221;][et_pb_column type=&#8221;1_4&#8243; _builder_version=&#8221;4.20.2&#8243; _module_preset=&#8221;default&#8221; global_colors_info=&#8221;{}&#8221;][et_pb_blurb title=&#8221;Exploradores&#8221; image=&#8221;https:\/\/www.gaya-world.com\/wp-content\/uploads\/2023\/03\/sword-min-1.png&#8221; icon_placement=&#8221;left&#8221; image_icon_width=&#8221;50px&#8221; _builder_version=&#8221;4.20.2&#8243; _module_preset=&#8221;default&#8221; header_font=&#8221;|||on|||||&#8221; header_font_size=&#8221;20px&#8221; custom_css_blurb_title=&#8221;padding-top:15px;||margin-left:-10px!important;&#8221; global_colors_info=&#8221;{}&#8221;][\/et_pb_blurb][et_pb_text _builder_version=&#8221;4.20.2&#8243; _module_preset=&#8221;default&#8221; global_colors_info=&#8221;{}&#8221;]<\/p>\n<h5>Quantos jogadores s\u00e3o necess\u00e1rios?<\/h5>\n<p>As condi\u00e7\u00f5es \u00f3timas s\u00e3o satisfeitas com 2 ou 3 jogadores por telefone.<\/p>\n<h5>A partir de que idade se pode jogar?<\/h5>\n<p>Algumas aventuras s\u00e3o jog\u00e1veis a partir dos 8 anos de idade. Cada aventura indica a idade m\u00ednima exigida (dependendo da complexidade e tecnicidade do enredo). A maioria das aventuras s\u00e3o jog\u00e1veis a partir dos 12 anos de idade.<\/p>\n<h5>Preciso de um carro?<\/h5>\n<p>Cada aventura indica se \u00e9 necess\u00e1rio transporte adicional.<\/p>\n<h5>\u00c9 acess\u00edvel \u00e0s pessoas com mobilidade reduzida?<\/h5>\n<p>Estamos empenhados em tornar o maior n\u00famero poss\u00edvel das nossas aventuras acess\u00edveis a todos. Quando tal n\u00e3o \u00e9 poss\u00edvel, isso \u00e9 indicado na folha de apresenta\u00e7\u00e3o.<\/p>\n<h5>Quanto tempo dura um jogo?<\/h5>\n<p>O tempo m\u00e9dio de jogo \u00e9 indicado na folha de aventuras. Isso pode variar de 10 minutos a 2 horas.<\/p>\n<h5>Porque \u00e9 que algumas aventuras t\u00eam de ser pagas?<\/h5>\n<p>Algumas aventuras s\u00e3o realizadas por profissionais com conte\u00fados valiosos (por exemplo, guias tur\u00edsticos).<\/p>\n<h5>Porque \u00e9 que n\u00e3o h\u00e1 aventuras na minha cidade?<\/h5>\n<p>Talvez precise de um arquiteto na sua cidade? E se fosse voc\u00ea? \ud83d\ude09<br \/>Sinta-se \u00e0 vontade para criar as suas pr\u00f3prias aventuras, tornando-se um <strong><a href=\"https:\/\/www.gaya-world.com\/pt-br\/arquitecto\/\">Arquiteto<\/a><\/strong>!<\/p>\n<p>&nbsp;<\/p>\n<p>[\/et_pb_text][\/et_pb_column][et_pb_column type=&#8221;1_4&#8243; _builder_version=&#8221;4.20.2&#8243; _module_preset=&#8221;default&#8221; global_colors_info=&#8221;{}&#8221;][et_pb_blurb title=&#8221;Arquiteto&#8221; image=&#8221;https:\/\/www.gaya-world.com\/wp-content\/uploads\/2023\/03\/message-scroller-min-2.png&#8221; icon_placement=&#8221;left&#8221; image_icon_width=&#8221;50px&#8221; _builder_version=&#8221;4.20.2&#8243; _module_preset=&#8221;default&#8221; header_font=&#8221;|||on|||||&#8221; header_font_size=&#8221;20px&#8221; custom_css_blurb_title=&#8221;padding-top:15px;||margin-left:-10px!important;&#8221; global_colors_info=&#8221;{}&#8221;][\/et_pb_blurb][et_pb_text _builder_version=&#8221;4.20.2&#8243; _module_preset=&#8221;default&#8221; global_colors_info=&#8221;{}&#8221;]<\/p>\n<h5>Quais s\u00e3o os requisitos para a cria\u00e7\u00e3o de jogos?<\/h5>\n<p>N\u00e3o h\u00e1 pr\u00e9-requisitos espec\u00edficos. O Gaya World foi concebido para ser muito acess\u00edvel. S\u00f3 precisa de uma ideia e de um pouco de for\u00e7a de vontade&#8230; O resto vir\u00e1 por si s\u00f3 \ud83d\udc4d<\/p>\n<h5>N\u00e3o sei como fazer jogos! Tem problema?<\/h5>\n<p>Voc\u00ea n\u00e3o precisa ser um perito para criar jogos no Gaya World, felizmente! E isso \u00e9 o que o torna t\u00e3o m\u00e1gico. Gaya World \u00e9 utilizado por profissionais da ind\u00fastria de jogos, bem como por amadores, guias tur\u00edsticos e at\u00e9 mesmo atletas.<\/p>\n<p>O que eles tem em comum \u00e9 o desejo de transformar o mundo numa grande aventura!<\/p>\n<h5>Podem me ajudar a criar meus jogos?<\/h5>\n<p>\u00c9 claro! A nossa equipe est\u00e1 sempre dispon\u00edvel no nosso servidor Discord para te ajudar. Mas tamb\u00e9m fomos ainda mais longe, desenvolvendo ferramentas para te ajudar a criar e com documenta\u00e7\u00e3o acess\u00edvel e precisa para te orientar sem problemas.<\/p>\n<h5>Eu s\u00f3 quero criar caminhadas (l\u00fadicas ou n\u00e3o), posso?<\/h5>\n<p>Voc\u00ea pode fazer passeios simples em Gaya World. Voc\u00ea pode indicar isso na ficha de detalhes do seu jogo para que os Exploradores saibam que se trata de um passeio. Al\u00e9m disso, gra\u00e7as \u00e0 possibilidade de reproduzir arquivos de som, tamb\u00e9m \u00e9 poss\u00edvel criar rotas sonoras muito facilmente!<\/p>\n<h5>Existe uma comunidade de Arquitetos?<\/h5>\n<p>E como! A comunidade cresce dia ap\u00f3s dia e est\u00e1 sempre trocando uma ideia no <strong><a href=\"https:\/\/discord.gg\/aAStHSGzcp\" target=\"_blank\" rel=\"noopener\">Discord<\/a><\/strong>. Gostaria de se juntar a n\u00f3s?<\/p>\n<h5>Tenho medo de fazer jogos ruins! Como posso saber se o meu jogo \u00e9 bom?<\/h5>\n<p>N\u00e3o cabe a n\u00f3s dizer \ud83d\ude0e Te encorajamos a pedir aos seus entes queridos para jogar (tamb\u00e9m oferecemos guias e ajuda para passar por esta etapa) e a considerar o seu feedback para te ajudar a fazer aventuras cada vez melhores!<\/p>\n<p>E, de qualquer forma, os Exploradores ter\u00e3o todo o prazer em compartilhar seu feedback e conselhos para melhorar as suas aventuras<\/p>\n<p>[\/et_pb_text][\/et_pb_column][et_pb_column type=&#8221;1_4&#8243; _builder_version=&#8221;4.20.2&#8243; _module_preset=&#8221;default&#8221; global_colors_info=&#8221;{}&#8221;][et_pb_blurb title=&#8221;Escolas, col\u00e9gios e escolas secund\u00e1rias&#8221; image=&#8221;https:\/\/www.gaya-world.com\/wp-content\/uploads\/2023\/03\/travel-guide-book-min.png&#8221; icon_placement=&#8221;left&#8221; image_icon_width=&#8221;50px&#8221; _builder_version=&#8221;4.20.2&#8243; _module_preset=&#8221;default&#8221; header_font=&#8221;|||on|||||&#8221; header_font_size=&#8221;20px&#8221; custom_css_blurb_title=&#8221;padding-top:15px;||margin-left:-10px!important;&#8221; global_colors_info=&#8221;{}&#8221;][\/et_pb_blurb][et_pb_text _builder_version=&#8221;4.20.2&#8243; _module_preset=&#8221;default&#8221; global_colors_info=&#8221;{}&#8221;]<\/p>\n<h5>Posso usar o Gaya World na aula?<\/h5>\n<p>\u00c9 claro! V\u00e1rias escolas j\u00e1 organizaram viagens escolares para jogar as aventuras de Gaya World.<\/p>\n<h5>Como posso usar o Gaya World com a minha turma?<\/h5>\n<p>Basta nos contatar! <strong><a href=\"https:\/\/www.gaya-world.com\/pt-br\/contacto\/\">Contato<\/a><\/strong> para que possamos discutir o seu projeto.<\/p>\n<h5>E se eu quiser que os meus alunos criem jogos?<\/h5>\n<p>Ainda estamos trabalhando para tornar isto poss\u00edvel\u2026 Mas est\u00e1 planejado! N\u00e3o hesite a <strong><a href=\"https:\/\/www.gaya-world.com\/pt-br\/contacto\/\">nos contatar<\/a><\/strong> para que possamos adicion\u00e1-lo \u00e0 nossa lista de testadores!<\/p>\n<p>[\/et_pb_text][et_pb_blurb title=&#8221;Empresa&#8221; image=&#8221;https:\/\/www.gaya-world.com\/wp-content\/uploads\/2023\/03\/hammer-min.png&#8221; icon_placement=&#8221;left&#8221; image_icon_width=&#8221;50px&#8221; _builder_version=&#8221;4.20.2&#8243; _module_preset=&#8221;default&#8221; header_font=&#8221;|||on|||||&#8221; header_font_size=&#8221;20px&#8221; custom_css_blurb_title=&#8221;padding-top:15px;||margin-left:-10px!important;&#8221; global_colors_info=&#8221;{}&#8221;][\/et_pb_blurb][et_pb_text _builder_version=&#8221;4.20.2&#8243; _module_preset=&#8221;default&#8221; global_colors_info=&#8221;{}&#8221;]<\/p>\n<h3>Quero organizar um evento usando Gaya World, como \u00e9 que o fa\u00e7o?<\/h3>\n<p>N\u00e3o hesite a <strong><a href=\"https:\/\/www.gaya-world.com\/pt-br\/contacto\/\">nos contatar<\/a><\/strong> para que possamos te ajudar a montar seu evento: voc\u00ea pode criar o seu pr\u00f3prio jogo, ou utilizar um j\u00e1 existente!<\/p>\n<h3>Quero organizar uma confraterniza\u00e7\u00e3o com o Gaya World, como posso fazer isso?<\/h3>\n<p>N\u00e3o hesite a <strong><a href=\"https:\/\/www.gaya-world.com\/pt-br\/contacto\/\">nos contatar<\/a><\/strong> para que possamos te ajudar a montar sua confraterniza\u00e7\u00e3o: voc\u00ea pode criar o seu pr\u00f3prio jogo, ou utilizar um j\u00e1 existente!<\/p>\n<p>[\/et_pb_text][\/et_pb_column][et_pb_column type=&#8221;1_4&#8243; _builder_version=&#8221;4.20.2&#8243; _module_preset=&#8221;default&#8221; global_colors_info=&#8221;{}&#8221;][et_pb_blurb title=&#8221;T\u00e9cnico&#8221; image=&#8221;https:\/\/www.gaya-world.com\/wp-content\/uploads\/2023\/03\/telescope-min.png&#8221; icon_placement=&#8221;left&#8221; image_icon_width=&#8221;50px&#8221; _builder_version=&#8221;4.20.2&#8243; _module_preset=&#8221;default&#8221; header_font=&#8221;|||on|||||&#8221; header_font_size=&#8221;20px&#8221; custom_css_blurb_title=&#8221;padding-top:15px;||margin-left:-10px!important;&#8221; global_colors_info=&#8221;{}&#8221;][\/et_pb_blurb][et_pb_text _builder_version=&#8221;4.20.2&#8243; _module_preset=&#8221;default&#8221; global_colors_info=&#8221;{}&#8221;]<\/p>\n<h5>Porqu\u00ea a geolocaliza\u00e7\u00e3o?<\/h5>\n<p>Usamos o GPS para assegurar que voc\u00ea n\u00e3o saia do per\u00edmetro do jogo. Voc\u00ea pode ent\u00e3o jogar descontra\u00eddo, porque tem a certeza de que n\u00e3o est\u00e1 sempre indo pelo caminho errado. Al\u00e9m disso, a geolocaliza\u00e7\u00e3o proporciona uma melhor experi\u00eancia atrav\u00e9s de eventos que s\u00e3o automaticamente desencadeados quando se chega a um ponto definido.<\/p>\n<h5>\u00c9 compat\u00edvel com o meu telefone?<\/h5>\n<p>Gaya World \u00e9 compat\u00edvel com as \u00faltimas vers\u00f5es de iOS e Android. Para vers\u00f5es mais antigas, consulte as nossas p\u00e1ginas nas lojas de aplicativos para mais informa\u00e7\u00f5es.<\/p>\n<h5>Preciso de uma conex\u00e3o com a Internet?<\/h5>\n<p>\u00c9 poss\u00edvel jogar sem Internet. No entanto, voc\u00ea vai precisar baixar a aventura antes de jogar! (o que pode ser feito a partir de qualquer lugar e a qualquer momento). (o que pode ser feito a partir de qualquer lugar e a qualquer momento).<\/p>\n<h5>O jogo n\u00e3o consome muita bateria?<\/h5>\n<p>A utiliza\u00e7\u00e3o do seu telefone consome inevitavelmente energia da bateria. Tendo isso em mente, optimizamos ao m\u00e1ximo a utiliza\u00e7\u00e3o do GPS para que voc\u00ea possa desfrutar do seu telefone durante o resto do dia. No entanto, recomendamos que comece com o telefone totalmente carregado e, durante o jogo, desligue a tela quando n\u00e3o precisar olhar para ela.<\/p>\n<h5>Como utilizar um c\u00f3digo de acesso?<\/h5>\n<p>Se obteve um c\u00f3digo para desbloquear uma miss\u00e3o, basta ir a &#8216;Menu&#8217; e depois a &#8216;C\u00f3digo Secreto&#8217;. A aventura ser\u00e1 ent\u00e3o desbloqueada.<\/p>\n<p>[\/et_pb_text][\/et_pb_column][\/et_pb_row][\/et_pb_section][et_pb_section fb_built=&#8221;1&#8243; _builder_version=&#8221;4.20.4&#8243; _module_preset=&#8221;default&#8221; background_color=&#8221;gcid-c0245761-7eed-47ef-a0e6-7071377fc60d&#8221; background_image=&#8221;https:\/\/www.gaya-world.com\/wp-content\/uploads\/2023\/03\/wmap-min-min.png&#8221; parallax=&#8221;on&#8221; background_blend=&#8221;soft-light&#8221; custom_margin=&#8221;||||true&#8221; custom_padding=&#8221;0px||0px||true|false&#8221; hover_enabled=&#8221;0&#8243; global_colors_info=&#8221;{%22gcid-c0245761-7eed-47ef-a0e6-7071377fc60d%22:%91%22background_color%22%93}&#8221; min_height_last_edited=&#8221;off|phone&#8221; sticky_enabled=&#8221;0&#8243; height_last_edited=&#8221;on|phone&#8221; height_phone=&#8221;200px&#8221; max_height=&#8221;15vh&#8221;][et_pb_row _builder_version=&#8221;4.20.2&#8243; _module_preset=&#8221;default&#8221; width=&#8221;95%&#8221; max_width=&#8221;2900px&#8221; height=&#8221;202px&#8221; height_tablet=&#8221;10vh&#8221; height_phone=&#8221;10vh&#8221; height_last_edited=&#8221;on|tablet&#8221; custom_margin=&#8221;||||false|false&#8221; custom_margin_tablet=&#8221;||||false|false&#8221; custom_margin_phone=&#8221;||||false|false&#8221; custom_margin_last_edited=&#8221;on|tablet&#8221; custom_padding=&#8221;0px||0px||true|false&#8221; global_colors_info=&#8221;{}&#8221;][et_pb_column type=&#8221;4_4&#8243; _builder_version=&#8221;4.20.0&#8243; _module_preset=&#8221;default&#8221; global_colors_info=&#8221;{}&#8221;][\/et_pb_column][\/et_pb_row][\/et_pb_section]<\/p>\n","protected":false},"excerpt":{"rendered":"<p>Perguntas mais frequentesAs \u00fanicas perguntas bobas s\u00e3o as que n\u00e3o s\u00e3o feitasQuantos jogadores s\u00e3o necess\u00e1rios? As condi\u00e7\u00f5es \u00f3timas s\u00e3o satisfeitas com 2 ou 3 jogadores por telefone. A partir de que idade se pode jogar? Algumas aventuras s\u00e3o jog\u00e1veis a partir dos 8 anos de idade. Cada aventura indica a idade m\u00ednima exigida (dependendo da [&hellip;]<\/p>\n","protected":false},"author":2,"featured_media":0,"parent":0,"menu_order":0,"comment_status":"closed","ping_status":"closed","template":"","meta":{"_et_pb_use_builder":"on","_et_pb_old_content":"","_et_gb_content_width":"","inline_featured_image":false,"footnotes":""},"class_list":["post-1359","page","type-page","status-publish","hentry"],"aioseo_notices":[],"_links":{"self":[{"href":"https:\/\/www.gaya-world.com\/pt-br\/wp-json\/wp\/v2\/pages\/1359","targetHints":{"allow":["GET"]}}],"collection":[{"href":"https:\/\/www.gaya-world.com\/pt-br\/wp-json\/wp\/v2\/pages"}],"about":[{"href":"https:\/\/www.gaya-world.com\/pt-br\/wp-json\/wp\/v2\/types\/page"}],"author":[{"embeddable":true,"href":"https:\/\/www.gaya-world.com\/pt-br\/wp-json\/wp\/v2\/users\/2"}],"replies":[{"embeddable":true,"href":"https:\/\/www.gaya-world.com\/pt-br\/wp-json\/wp\/v2\/comments?post=1359"}],"version-history":[{"count":6,"href":"https:\/\/www.gaya-world.com\/pt-br\/wp-json\/wp\/v2\/pages\/1359\/revisions"}],"predecessor-version":[{"id":1856,"href":"https:\/\/www.gaya-world.com\/pt-br\/wp-json\/wp\/v2\/pages\/1359\/revisions\/1856"}],"wp:attachment":[{"href":"https:\/\/www.gaya-world.com\/pt-br\/wp-json\/wp\/v2\/media?parent=1359"}],"curies":[{"name":"wp","href":"https:\/\/api.w.org\/{rel}","templated":true}]}}